{"id":2186,"date":"2025-03-21T04:39:28","date_gmt":"2025-03-21T04:39:28","guid":{"rendered":"https:\/\/cybershield-waf.com\/membership-checkout\/"},"modified":"2025-04-17T12:43:43","modified_gmt":"2025-04-17T12:43:43","slug":"membership-checkout","status":"publish","type":"page","link":"https:\/\/cybershield-waf.com\/fr\/membership-checkout\/","title":{"rendered":"Paiement de l'adh\u00e9sion"},"content":{"rendered":"<div data-elementor-type=\"wp-page\" data-elementor-id=\"2186\" class=\"elementor elementor-2186\" data-elementor-post-type=\"page\">\n\t\t\t\t<div data-particle_enable=\"false\" data-particle-mobile-disabled=\"false\" class=\"elementor-element elementor-element-b6158bc e-flex e-con-boxed e-con e-parent\" data-id=\"b6158bc\" data-element_type=\"container\" data-settings=\"{&quot;background_background&quot;:&quot;classic&quot;}\">\n\t\t\t\t\t<div class=\"e-con-inner\">\n\t\t<div data-particle_enable=\"false\" data-particle-mobile-disabled=\"false\" class=\"elementor-element elementor-element-aad28f5 e-con-full e-flex e-con e-child\" data-id=\"aad28f5\" data-element_type=\"container\" data-settings=\"{&quot;background_background&quot;:&quot;classic&quot;}\">\n\t\t\t\t<div class=\"elementor-element elementor-element-b83f6b5 elementor-widget elementor-widget-heading\" data-id=\"b83f6b5\" data-element_type=\"widget\" data-widget_type=\"heading.default\">\n\t\t\t\t<div class=\"elementor-widget-container\">\n\t\t\t\t\t<h2 class=\"elementor-heading-title elementor-size-default\">Paiement de l'adh\u00e9sion <\/h2>\t\t\t\t<\/div>\n\t\t\t\t<\/div>\n\t\t\t\t<div class=\"elementor-element elementor-element-3113304 elementor-widget__width-initial elementor-widget elementor-widget-text-editor\" data-id=\"3113304\" data-element_type=\"widget\" data-widget_type=\"text-editor.default\">\n\t\t\t\t<div class=\"elementor-widget-container\">\n\t\t\t\t\t\t\t\t\t<p><a href=\"https:\/\/cybershield-waf.com\/fr\/\">Accueil <\/a>\/ Paiement des adh\u00e9sions<\/p>\t\t\t\t\t\t\t\t<\/div>\n\t\t\t\t<\/div>\n\t\t\t\t<\/div>\n\t\t\t\t\t<\/div>\n\t\t\t\t<\/div>\n\t\t<div data-particle_enable=\"false\" data-particle-mobile-disabled=\"false\" class=\"elementor-element elementor-element-d7d1255 e-flex e-con-boxed e-con e-parent\" data-id=\"d7d1255\" data-element_type=\"container\">\n\t\t\t\t\t<div class=\"e-con-inner\">\n\t\t\t\t<div class=\"elementor-element elementor-element-5837124 elementor-widget elementor-widget-heading\" data-id=\"5837124\" data-element_type=\"widget\" data-widget_type=\"heading.default\">\n\t\t\t\t<div class=\"elementor-widget-container\">\n\t\t\t\t\t<h2 class=\"elementor-heading-title elementor-size-default\">Compl\u00e9tez votre inscription d'adh\u00e9sion\n<\/h2>\t\t\t\t<\/div>\n\t\t\t\t<\/div>\n\t\t\t\t<div class=\"elementor-element elementor-element-4166541 elementor-widget elementor-widget-text-editor\" data-id=\"4166541\" data-element_type=\"widget\" data-widget_type=\"text-editor.default\">\n\t\t\t\t<div class=\"elementor-widget-container\">\n\t\t\t\t\t\t\t\t\t<p>Il ne vous reste plus qu'une \u00e9tape\u00a0! V\u00e9rifiez vos informations et finalisez le paiement pour activer votre abonnement.<\/p>\t\t\t\t\t\t\t\t<\/div>\n\t\t\t\t<\/div>\n\t\t\t\t\t<\/div>\n\t\t\t\t<\/div>\n\t\t<div data-particle_enable=\"false\" data-particle-mobile-disabled=\"false\" class=\"elementor-element elementor-element-b2c8dd6 e-flex e-con-boxed e-con e-parent\" data-id=\"b2c8dd6\" data-element_type=\"container\">\n\t\t\t\t\t<div class=\"e-con-inner\">\n\t\t<div data-particle_enable=\"false\" data-particle-mobile-disabled=\"false\" class=\"elementor-element elementor-element-8a2e30f e-con-full e-flex e-con e-child\" data-id=\"8a2e30f\" data-element_type=\"container\">\n\t\t\t\t<div class=\"elementor-element elementor-element-fab977c elementor-widget elementor-widget-text-editor\" data-id=\"fab977c\" data-element_type=\"widget\" data-widget_type=\"text-editor.default\">\n\t\t\t\t<div class=\"elementor-widget-container\">\n\t\t\t\t\t\t\t\t\t<p>[pmpro_checkout]<\/p>\t\t\t\t\t\t\t\t<\/div>\n\t\t\t\t<\/div>\n\t\t\t\t<\/div>\n\t\t<div data-particle_enable=\"false\" data-particle-mobile-disabled=\"false\" class=\"elementor-element elementor-element-4be600f e-con-full e-flex e-con e-child\" data-id=\"4be600f\" data-element_type=\"container\">\n\t\t<div data-particle_enable=\"false\" data-particle-mobile-disabled=\"false\" class=\"elementor-element elementor-element-e9e1140 e-con-full e-flex e-con e-child\" data-id=\"e9e1140\" data-element_type=\"container\" data-settings=\"{&quot;background_background&quot;:&quot;classic&quot;}\">\n\t\t\t\t<div class=\"elementor-element elementor-element-13e4385 elementor-widget elementor-widget-image\" data-id=\"13e4385\" data-element_type=\"widget\" data-widget_type=\"image.default\">\n\t\t\t\t<div class=\"elementor-widget-container\">\n\t\t\t\t\t\t\t\t\t\t\t\t\t\t\t<img fetchpriority=\"high\" decoding=\"async\" width=\"2012\" height=\"1695\" src=\"https:\/\/cybershield-waf.com\/wp-content\/uploads\/2025\/03\/imac.png\" class=\"attachment-full size-full wp-image-3839\" alt=\"\" srcset=\"https:\/\/cybershield-waf.com\/wp-content\/uploads\/2025\/03\/imac.png 2012w, https:\/\/cybershield-waf.com\/wp-content\/uploads\/2025\/03\/imac-300x253.png 300w, https:\/\/cybershield-waf.com\/wp-content\/uploads\/2025\/03\/imac-1024x863.png 1024w, https:\/\/cybershield-waf.com\/wp-content\/uploads\/2025\/03\/imac-768x647.png 768w, https:\/\/cybershield-waf.com\/wp-content\/uploads\/2025\/03\/imac-1536x1294.png 1536w\" sizes=\"(max-width: 2012px) 100vw, 2012px\" \/>\t\t\t\t\t\t\t\t\t\t\t\t\t\t\t<\/div>\n\t\t\t\t<\/div>\n\t\t\t\t<\/div>\n\t\t<div data-particle_enable=\"false\" data-particle-mobile-disabled=\"false\" class=\"elementor-element elementor-element-4a42989 e-con-full e-flex e-con e-child\" data-id=\"4a42989\" data-element_type=\"container\" data-settings=\"{&quot;background_background&quot;:&quot;classic&quot;}\">\n\t\t\t\t<div class=\"elementor-element elementor-element-041cd49 elementor-widget elementor-widget-heading\" data-id=\"041cd49\" data-element_type=\"widget\" data-widget_type=\"heading.default\">\n\t\t\t\t<div class=\"elementor-widget-container\">\n\t\t\t\t\t<h5 class=\"elementor-heading-title elementor-size-default\">Comment \u00e7a marche ?<\/h5>\t\t\t\t<\/div>\n\t\t\t\t<\/div>\n\t\t\t\t<div class=\"elementor-element elementor-element-04f7449 elementor-position-left elementor-view-stacked elementor-shape-circle elementor-mobile-position-top elementor-widget elementor-widget-icon-box\" data-id=\"04f7449\" data-element_type=\"widget\" data-widget_type=\"icon-box.default\">\n\t\t\t\t<div class=\"elementor-widget-container\">\n\t\t\t\t\t\t\t<div class=\"elementor-icon-box-wrapper\">\n\n\t\t\t\t\t\t<div class=\"elementor-icon-box-icon\">\n\t\t\t\t<span  class=\"elementor-icon\">\n\t\t\t\t<svg aria-hidden=\"true\" class=\"e-font-icon-svg e-far-check-circle\" viewbox=\"0 0 512 512\" xmlns=\"http:\/\/www.w3.org\/2000\/svg\"><path d=\"M256 8C119.033 8 8 119.033 8 256s111.033 248 248 248 248-111.033 248-248S392.967 8 256 8zm0 48c110.532 0 200 89.451 200 200 0 110.532-89.451 200-200 200-110.532 0-200-89.451-200-200 0-110.532 89.451-200 200-200m140.204 130.267l-22.536-22.718c-4.667-4.705-12.265-4.736-16.97-.068L215.346 303.697l-59.792-60.277c-4.667-4.705-12.265-4.736-16.97-.069l-22.719 22.536c-4.705 4.667-4.736 12.265-.068 16.971l90.781 91.516c4.667 4.705 12.265 4.736 16.97.068l172.589-171.204c4.704-4.668 4.734-12.266.067-16.971z\"><\/path><\/svg>\t\t\t\t<\/span>\n\t\t\t<\/div>\n\t\t\t\n\t\t\t\t\t\t<div class=\"elementor-icon-box-content\">\n\n\t\t\t\t\t\t\t\t\t<h3 class=\"elementor-icon-box-title\">\n\t\t\t\t\t\t<span  >\n\t\t\t\t\t\t\tCr\u00e9er un compte gratuit\t\t\t\t\t\t<\/span>\n\t\t\t\t\t<\/h3>\n\t\t\t\t\n\t\t\t\t\t\t\t\t\t<p class=\"elementor-icon-box-description\">\n\t\t\t\t\t\tBienvenue \u00e0 Cybershield\t\t\t\t\t<\/p>\n\t\t\t\t\n\t\t\t<\/div>\n\t\t\t\n\t\t<\/div>\n\t\t\t\t\t\t<\/div>\n\t\t\t\t<\/div>\n\t\t\t\t<div class=\"elementor-element elementor-element-7734c8e elementor-position-left elementor-view-stacked elementor-shape-circle elementor-mobile-position-top elementor-widget elementor-widget-icon-box\" data-id=\"7734c8e\" data-element_type=\"widget\" data-widget_type=\"icon-box.default\">\n\t\t\t\t<div class=\"elementor-widget-container\">\n\t\t\t\t\t\t\t<div class=\"elementor-icon-box-wrapper\">\n\n\t\t\t\t\t\t<div class=\"elementor-icon-box-icon\">\n\t\t\t\t<span  class=\"elementor-icon\">\n\t\t\t\t<svg aria-hidden=\"true\" class=\"e-font-icon-svg e-fas-lock\" viewbox=\"0 0 448 512\" xmlns=\"http:\/\/www.w3.org\/2000\/svg\"><path d=\"M400 224h-24v-72C376 68.2 307.8 0 224 0S72 68.2 72 152v72H48c-26.5 0-48 21.5-48 48v192c0 26.5 21.5 48 48 48h352c26.5 0 48-21.5 48-48V272c0-26.5-21.5-48-48-48zm-104 0H152v-72c0-39.7 32.3-72 72-72s72 32.3 72 72v72z\"><\/path><\/svg>\t\t\t\t<\/span>\n\t\t\t<\/div>\n\t\t\t\n\t\t\t\t\t\t<div class=\"elementor-icon-box-content\">\n\n\t\t\t\t\t\t\t\t\t<h3 class=\"elementor-icon-box-title\">\n\t\t\t\t\t\t<span  >\n\t\t\t\t\t\t\tAcc\u00e8s transparent aux fonctionnalit\u00e9s principales\t\t\t\t\t\t<\/span>\n\t\t\t\t\t<\/h3>\n\t\t\t\t\n\t\t\t\t\t\t\t\t\t<p class=\"elementor-icon-box-description\">\n\t\t\t\t\t\tD\u00e9couvrez les outils et fonctionnalit\u00e9s essentiels. D\u00e9marrez rapidement sans configuration complexe.\t\t\t\t\t<\/p>\n\t\t\t\t\n\t\t\t<\/div>\n\t\t\t\n\t\t<\/div>\n\t\t\t\t\t\t<\/div>\n\t\t\t\t<\/div>\n\t\t\t\t<div class=\"elementor-element elementor-element-74f8ba0 elementor-position-left elementor-view-stacked elementor-shape-circle elementor-mobile-position-top elementor-widget elementor-widget-icon-box\" data-id=\"74f8ba0\" data-element_type=\"widget\" data-widget_type=\"icon-box.default\">\n\t\t\t\t<div class=\"elementor-widget-container\">\n\t\t\t\t\t\t\t<div class=\"elementor-icon-box-wrapper\">\n\n\t\t\t\t\t\t<div class=\"elementor-icon-box-icon\">\n\t\t\t\t<span  class=\"elementor-icon\">\n\t\t\t\t<svg aria-hidden=\"true\" class=\"e-font-icon-svg e-far-thumbs-up\" viewbox=\"0 0 512 512\" xmlns=\"http:\/\/www.w3.org\/2000\/svg\"><path d=\"M466.27 286.69C475.04 271.84 480 256 480 236.85c0-44.015-37.218-85.58-85.82-85.58H357.7c4.92-12.81 8.85-28.13 8.85-46.54C366.55 31.936 328.86 0 271.28 0c-61.607 0-58.093 94.933-71.76 108.6-22.747 22.747-49.615 66.447-68.76 83.4H32c-17.673 0-32 14.327-32 32v240c0 17.673 14.327 32 32 32h64c14.893 0 27.408-10.174 30.978-23.95 44.509 1.001 75.06 39.94 177.802 39.94 7.22 0 15.22.01 22.22.01 77.117 0 111.986-39.423 112.94-95.33 13.319-18.425 20.299-43.122 17.34-66.99 9.854-18.452 13.664-40.343 8.99-62.99zm-61.75 53.83c12.56 21.13 1.26 49.41-13.94 57.57 7.7 48.78-17.608 65.9-53.12 65.9h-37.82c-71.639 0-118.029-37.82-171.64-37.82V240h10.92c28.36 0 67.98-70.89 94.54-97.46 28.36-28.36 18.91-75.63 37.82-94.54 47.27 0 47.27 32.98 47.27 56.73 0 39.17-28.36 56.72-28.36 94.54h103.99c21.11 0 37.73 18.91 37.82 37.82.09 18.9-12.82 37.81-22.27 37.81 13.489 14.555 16.371 45.236-5.21 65.62zM88 432c0 13.255-10.745 24-24 24s-24-10.745-24-24 10.745-24 24-24 24 10.745 24 24z\"><\/path><\/svg>\t\t\t\t<\/span>\n\t\t\t<\/div>\n\t\t\t\n\t\t\t\t\t\t<div class=\"elementor-icon-box-content\">\n\n\t\t\t\t\t\t\t\t\t<h3 class=\"elementor-icon-box-title\">\n\t\t\t\t\t\t<span  >\n\t\t\t\t\t\t\tHassle-Free Setup &amp; No Commitment\t\t\t\t\t\t<\/span>\n\t\t\t\t\t<\/h3>\n\t\t\t\t\n\t\t\t\t\t\t\t\t\t<p class=\"elementor-icon-box-description\">\n\t\t\t\t\t\tD\u00e9marrez sans effort gr\u00e2ce \u00e0 une configuration simple. Sans engagement \u00e0 long terme\u00a0; continuez seulement si cela vous convient.\t\t\t\t\t<\/p>\n\t\t\t\t\n\t\t\t<\/div>\n\t\t\t\n\t\t<\/div>\n\t\t\t\t\t\t<\/div>\n\t\t\t\t<\/div>\n\t\t\t\t<div class=\"elementor-element elementor-element-f928b5f elementor-position-left elementor-view-stacked elementor-shape-circle elementor-mobile-position-top elementor-widget elementor-widget-icon-box\" data-id=\"f928b5f\" data-element_type=\"widget\" data-widget_type=\"icon-box.default\">\n\t\t\t\t<div class=\"elementor-widget-container\">\n\t\t\t\t\t\t\t<div class=\"elementor-icon-box-wrapper\">\n\n\t\t\t\t\t\t<div class=\"elementor-icon-box-icon\">\n\t\t\t\t<span  class=\"elementor-icon\">\n\t\t\t\t<svg aria-hidden=\"true\" class=\"e-font-icon-svg e-fas-american-sign-language-interpreting\" viewbox=\"0 0 640 512\" xmlns=\"http:\/\/www.w3.org\/2000\/svg\"><path d=\"M290.547 189.039c-20.295-10.149-44.147-11.199-64.739-3.89 42.606 0 71.208 20.475 85.578 50.576 8.576 17.899-5.148 38.071-23.617 38.071 18.429 0 32.211 20.136 23.617 38.071-14.725 30.846-46.123 50.854-80.298 50.854-.557 0-94.471-8.615-94.471-8.615l-66.406 33.347c-9.384 4.693-19.815.379-23.895-7.781L1.86 290.747c-4.167-8.615-1.111-18.897 6.946-23.621l58.072-33.069L108 159.861c6.39-57.245 34.731-109.767 79.743-146.726 11.391-9.448 28.341-7.781 37.51 3.613 9.446 11.394 7.78 28.067-3.612 37.516-12.503 10.559-23.618 22.509-32.509 35.57 21.672-14.729 46.679-24.732 74.186-28.067 14.725-1.945 28.063 8.336 29.73 23.065 1.945 14.728-8.336 28.067-23.062 29.734-16.116 1.945-31.12 7.503-44.178 15.284 26.114-5.713 58.712-3.138 88.079 11.115 13.336 6.669 18.893 22.509 12.224 35.848-6.389 13.06-22.504 18.617-35.564 12.226zm-27.229 69.472c-6.112-12.505-18.338-20.286-32.231-20.286a35.46 35.46 0 0 0-35.565 35.57c0 21.428 17.808 35.57 35.565 35.57 13.893 0 26.119-7.781 32.231-20.286 4.446-9.449 13.614-15.006 23.339-15.284-9.725-.277-18.893-5.835-23.339-15.284zm374.821-37.237c4.168 8.615 1.111 18.897-6.946 23.621l-58.071 33.069L532 352.16c-6.39 57.245-34.731 109.767-79.743 146.726-10.932 9.112-27.799 8.144-37.51-3.613-9.446-11.394-7.78-28.067 3.613-37.516 12.503-10.559 23.617-22.509 32.508-35.57-21.672 14.729-46.679 24.732-74.186 28.067-10.021 2.506-27.552-5.643-29.73-23.065-1.945-14.728 8.336-28.067 23.062-29.734 16.116-1.946 31.12-7.503 44.178-15.284-26.114 5.713-58.712 3.138-88.079-11.115-13.336-6.669-18.893-22.509-12.224-35.848 6.389-13.061 22.505-18.619 35.565-12.227 20.295 10.149 44.147 11.199 64.739 3.89-42.606 0-71.208-20.475-85.578-50.576-8.576-17.899 5.148-38.071 23.617-38.071-18.429 0-32.211-20.136-23.617-38.071 14.033-29.396 44.039-50.887 81.966-50.854l92.803 8.615 66.406-33.347c9.408-4.704 19.828-.354 23.894 7.781l44.455 88.926zm-229.227-18.618c-13.893 0-26.119 7.781-32.231 20.286-4.446 9.449-13.614 15.006-23.339 15.284 9.725.278 18.893 5.836 23.339 15.284 6.112 12.505 18.338 20.286 32.231 20.286a35.46 35.46 0 0 0 35.565-35.57c0-21.429-17.808-35.57-35.565-35.57z\"><\/path><\/svg>\t\t\t\t<\/span>\n\t\t\t<\/div>\n\t\t\t\n\t\t\t\t\t\t<div class=\"elementor-icon-box-content\">\n\n\t\t\t\t\t\t\t\t\t<h3 class=\"elementor-icon-box-title\">\n\t\t\t\t\t\t<span  >\n\t\t\t\t\t\t\t24\/7 Support &amp; Assistance\t\t\t\t\t\t<\/span>\n\t\t\t\t\t<\/h3>\n\t\t\t\t\n\t\t\t\t\t\t\t\t\t<p class=\"elementor-icon-box-description\">\n\t\t\t\t\t\tNotre \u00e9quipe d'experts est disponible \u00e0 tout moment pour vous guider, r\u00e9pondre \u00e0 vos questions et vous assurer une exp\u00e9rience fluide.\t\t\t\t\t<\/p>\n\t\t\t\t\n\t\t\t<\/div>\n\t\t\t\n\t\t<\/div>\n\t\t\t\t\t\t<\/div>\n\t\t\t\t<\/div>\n\t\t\t\t<\/div>\n\t\t\t\t<\/div>\n\t\t\t\t\t<\/div>\n\t\t\t\t<\/div>\n\t\t\t\t<\/div>","protected":false},"excerpt":{"rendered":"<p>Membership Checkout Home \/ Membership Checkout Complete Your Membership Signup You&#8217;re just one step away! Review your details and complete the checkout to activate your membership. [pmpro_checkout] How it Works ? Create Free Account Welcom to Cybershield Seamless Access to Core Features Experience the essential tools and functionalities firsthand. Get started quickly without any complex [&hellip;]<\/p>","protected":false},"author":1,"featured_media":0,"parent":0,"menu_order":0,"comment_status":"closed","ping_status":"closed","template":"","meta":{"pmpro_default_level":"","footnotes":""},"class_list":["post-2186","page","type-page","status-publish","hentry","pmpro-has-access"],"_links":{"self":[{"href":"https:\/\/cybershield-waf.com\/fr\/wp-json\/wp\/v2\/pages\/2186","targetHints":{"allow":["GET"]}}],"collection":[{"href":"https:\/\/cybershield-waf.com\/fr\/wp-json\/wp\/v2\/pages"}],"about":[{"href":"https:\/\/cybershield-waf.com\/fr\/wp-json\/wp\/v2\/types\/page"}],"author":[{"embeddable":true,"href":"https:\/\/cybershield-waf.com\/fr\/wp-json\/wp\/v2\/users\/1"}],"replies":[{"embeddable":true,"href":"https:\/\/cybershield-waf.com\/fr\/wp-json\/wp\/v2\/comments?post=2186"}],"version-history":[{"count":321,"href":"https:\/\/cybershield-waf.com\/fr\/wp-json\/wp\/v2\/pages\/2186\/revisions"}],"predecessor-version":[{"id":4621,"href":"https:\/\/cybershield-waf.com\/fr\/wp-json\/wp\/v2\/pages\/2186\/revisions\/4621"}],"wp:attachment":[{"href":"https:\/\/cybershield-waf.com\/fr\/wp-json\/wp\/v2\/media?parent=2186"}],"curies":[{"name":"wp","href":"https:\/\/api.w.org\/{rel}","templated":true}]}}