{"id":614,"date":"2025-03-18T04:25:38","date_gmt":"2025-03-18T04:25:38","guid":{"rendered":"https:\/\/cybershield-waf.com\/?page_id=614"},"modified":"2025-09-11T20:01:21","modified_gmt":"2025-09-11T18:01:21","slug":"blog","status":"publish","type":"page","link":"https:\/\/cybershield-waf.com\/fr\/blog\/","title":{"rendered":"Blog"},"content":{"rendered":"<div data-elementor-type=\"wp-page\" data-elementor-id=\"614\" class=\"elementor elementor-614\" data-elementor-post-type=\"page\">\n\t\t\t\t<div data-particle_enable=\"false\" data-particle-mobile-disabled=\"false\" class=\"elementor-element elementor-element-c55370f e-flex e-con-boxed e-con e-parent\" data-id=\"c55370f\" data-element_type=\"container\" data-settings=\"{&quot;background_background&quot;:&quot;classic&quot;}\">\n\t\t\t\t\t<div class=\"e-con-inner\">\n\t\t\t\t<div class=\"elementor-element elementor-element-974c0df elementor-widget__width-initial elementor-widget elementor-widget-heading\" data-id=\"974c0df\" data-element_type=\"widget\" data-widget_type=\"heading.default\">\n\t\t\t\t<div class=\"elementor-widget-container\">\n\t\t\t\t\t<h1 class=\"elementor-heading-title elementor-size-default\">WAF Tips &amp; Security Best Practices<\/h1>\t\t\t\t<\/div>\n\t\t\t\t<\/div>\n\t\t\t\t<div class=\"elementor-element elementor-element-58c4496 elementor-widget__width-initial elementor-widget elementor-widget-text-editor\" data-id=\"58c4496\" data-element_type=\"widget\" data-widget_type=\"text-editor.default\">\n\t\t\t\t<div class=\"elementor-widget-container\">\n\t\t\t\t\t\t\t\t\t<p>Accueil \/ Notre blog<\/p>\t\t\t\t\t\t\t\t<\/div>\n\t\t\t\t<\/div>\n\t\t\t\t<div class=\"elementor-element elementor-element-f1c0337 elementor-widget__width-initial elementor-widget elementor-widget-text-editor\" data-id=\"f1c0337\" data-element_type=\"widget\" data-widget_type=\"text-editor.default\">\n\t\t\t\t<div class=\"elementor-widget-container\">\n\t\t\t\t\t\t\t\t\t<p>Discover the latest web application security best practices, along with tips for Web Application Firewalls (WAF) and effective threat prevention strategies, all provided by the experts at CyberShield.<\/p>\t\t\t\t\t\t\t\t<\/div>\n\t\t\t\t<\/div>\n\t\t\t\t\t<\/div>\n\t\t\t\t<\/div>\n\t\t<div data-particle_enable=\"false\" data-particle-mobile-disabled=\"false\" class=\"elementor-element elementor-element-b86e40d e-flex e-con-boxed e-con e-parent\" data-id=\"b86e40d\" data-element_type=\"container\" data-settings=\"{&quot;background_background&quot;:&quot;classic&quot;}\">\n\t\t\t\t\t<div class=\"e-con-inner\">\n\t\t\t\t<div class=\"elementor-element elementor-element-207abdc elementor-grid-eael-col-3 elementor-widget__width-initial elementor-grid-tablet-eael-col-2 elementor-grid-mobile-eael-col-1 elementor-widget elementor-widget-eael-post-grid\" data-id=\"207abdc\" data-element_type=\"widget\" data-settings=\"{&quot;eael_post_grid_columns&quot;:&quot;eael-col-3&quot;,&quot;eael_post_grid_columns_tablet&quot;:&quot;eael-col-2&quot;,&quot;eael_post_grid_columns_mobile&quot;:&quot;eael-col-1&quot;}\" data-widget_type=\"eael-post-grid.default\">\n\t\t\t\t<div class=\"elementor-widget-container\">\n\t\t\t\t\t<div id=\"eael-post-grid-207abdc\" class=\"eael-post-grid-container\">\n            <div class=\"eael-post-grid eael-post-appender eael-post-appender-207abdc eael-post-grid-style-one\" data-layout-mode=\"grid\"><article class=\"eael-grid-post eael-post-grid-column\" data-id=\"7297\">\n        <div class=\"eael-grid-post-holder\">\n            <div class=\"eael-grid-post-holder-inner\"><div class=\"eael-entry-wrapper\"><header class=\"eael-entry-header\"><h2 class=\"eael-entry-title\"><a class=\"eael-grid-post-link\" href=\"https:\/\/cybershield-waf.com\/fr\/barometre-2025-de-la-securite-web-en-tunisie-securas-technologies\/\" title=\"Barom\u00e8tre 2025 de la S\u00e9curit\u00e9 Web en Tunisie \u2013 Securas Technologies\">Barom\u00e8tre 2025 de la S\u00e9curit\u00e9 Web en Tunisie<\/a><\/h2><\/header><div class=\"eael-entry-content\">\n                        <div class=\"eael-grid-post-excerpt\"><p>Introduction La Tunisie conna\u00eet une transformation num\u00e9rique sans pr\u00e9c\u00e9dent. Des petites entreprises aux grandes corporations, la pr\u00e9sence en ligne est devenue incontournable. Cependant, cette croissance...<\/p><\/div>\n                    <\/div><div class=\"eael-entry-footer\"><div class=\"eael-author-avatar\"><a href=\"https:\/\/cybershield-waf.com\/fr\/author\/darksoldier\/\"><img alt='Cybershield' src='https:\/\/secure.gravatar.com\/avatar\/720431a300b531f2d1983e2708c5121e5bc70e54b10f90b7998048820436697b?s=96&#038;d=mm&#038;r=g' srcset='https:\/\/secure.gravatar.com\/avatar\/720431a300b531f2d1983e2708c5121e5bc70e54b10f90b7998048820436697b?s=192&#038;d=mm&#038;r=g 2x' class='avatar avatar-96 photo' height='96' width='96' \/><\/a><\/div><div class=\"eael-entry-meta\"><span class=\"eael-posted-by\"><a href=\"https:\/\/cybershield-waf.com\/fr\/author\/darksoldier\/\" title=\"Articles par Cybershield\" rel=\"author\">CyberShield<\/a><\/span><span class=\"eael-posted-on\"><time datetime=\"20\/11\/2025\">20\/11\/2025<\/time><\/span><\/div><\/div><\/div><\/div>\n        <\/div>\n    <\/article><article class=\"eael-grid-post eael-post-grid-column\" data-id=\"5184\">\n        <div class=\"eael-grid-post-holder\">\n            <div class=\"eael-grid-post-holder-inner\"><div class=\"eael-entry-media\"><div class=\"eael-entry-overlay none\"><i class=\"\" aria-hidden=\"true\"><\/i><a href=\"https:\/\/cybershield-waf.com\/fr\/comment-les-agences-web-peuvent-transformer-la-cybersecurite-en-centre-de-profit-en-2026\/\"><\/a><\/div><div class=\"eael-entry-thumbnail eael-image-ratio\">\n                <img fetchpriority=\"high\" decoding=\"async\" width=\"1024\" height=\"481\" src=\"https:\/\/cybershield-waf.com\/wp-content\/uploads\/2025\/09\/82bc1ee7-fee2-408a-a2de-990c36c7df7c-1.jpeg\" class=\"attachment-full size-full wp-image-5191\" alt=\"\" srcset=\"https:\/\/cybershield-waf.com\/wp-content\/uploads\/2025\/09\/82bc1ee7-fee2-408a-a2de-990c36c7df7c-1.jpeg 1024w, https:\/\/cybershield-waf.com\/wp-content\/uploads\/2025\/09\/82bc1ee7-fee2-408a-a2de-990c36c7df7c-1-300x141.jpeg 300w, https:\/\/cybershield-waf.com\/wp-content\/uploads\/2025\/09\/82bc1ee7-fee2-408a-a2de-990c36c7df7c-1-768x361.jpeg 768w, https:\/\/cybershield-waf.com\/wp-content\/uploads\/2025\/09\/82bc1ee7-fee2-408a-a2de-990c36c7df7c-1-18x8.jpeg 18w\" sizes=\"(max-width: 1024px) 100vw, 1024px\" \/>\n            <\/div>\n        <\/div><div class=\"eael-entry-wrapper\"><header class=\"eael-entry-header\"><h2 class=\"eael-entry-title\"><a class=\"eael-grid-post-link\" href=\"https:\/\/cybershield-waf.com\/fr\/comment-les-agences-web-peuvent-transformer-la-cybersecurite-en-centre-de-profit-en-2026\/\" title=\"Comment les Agences Web Peuvent Transformer la Cybers\u00e9curit\u00e9 en Centre de Profit en 2026\">Comment les Agences Web Peuvent Transformer la Cybers\u00e9curit\u00e9<\/a><\/h2><\/header><div class=\"eael-entry-content\">\n                        <div class=\"eael-grid-post-excerpt\"><p>&nbsp;La Mine d&#8217;Or que les Agences Web Ignorent Encore Le constat est sans appel : le march\u00e9 de la cybers\u00e9curit\u00e9 explose. Chaque jour, de nouvelles...<\/p><\/div>\n                    <\/div><div class=\"eael-entry-footer\"><div class=\"eael-author-avatar\"><a href=\"https:\/\/cybershield-waf.com\/fr\/author\/maha-benmohamed\/\"><img alt='maha benmohamed' src='https:\/\/secure.gravatar.com\/avatar\/f4709df3627705b022b0a7921253bc43831dce32ee1f8d487503b96cbb62d081?s=96&#038;d=mm&#038;r=g' srcset='https:\/\/secure.gravatar.com\/avatar\/f4709df3627705b022b0a7921253bc43831dce32ee1f8d487503b96cbb62d081?s=192&#038;d=mm&#038;r=g 2x' class='avatar avatar-96 photo' height='96' width='96' \/><\/a><\/div><div class=\"eael-entry-meta\"><span class=\"eael-posted-by\"><a href=\"https:\/\/cybershield-waf.com\/fr\/author\/maha-benmohamed\/\" title=\"Articles par maha benmohamed\" rel=\"author\">maha benmohamed<\/a><\/span><span class=\"eael-posted-on\"><time datetime=\"05\/09\/2025\">05\/09\/2025<\/time><\/span><\/div><\/div><\/div><\/div>\n        <\/div>\n    <\/article><\/div>\n            <div class=\"clearfix\"><\/div>\n        <\/div>\t\t\t\t<\/div>\n\t\t\t\t<\/div>\n\t\t\t\t\t<\/div>\n\t\t\t\t<\/div>\n\t\t\t\t<\/div>","protected":false},"excerpt":{"rendered":"<p>WAF Tips &#038; Security Best Practices Home \/ Our Blog Discover the latest web application security best practices, along with tips for Web Application Firewalls (WAF) and effective threat prevention strategies, all provided by the experts at CyberShield. Comment les Agences Web Peuvent Transformer la Cybers\u00e9curit\u00e9 &nbsp;La Mine d&#8217;Or que les Agences Web Ignorent Encore [&hellip;]<\/p>","protected":false},"author":1,"featured_media":0,"parent":0,"menu_order":0,"comment_status":"closed","ping_status":"closed","template":"elementor_header_footer","meta":{"pmpro_default_level":"","footnotes":""},"class_list":["post-614","page","type-page","status-publish","hentry","pmpro-has-access"],"_links":{"self":[{"href":"https:\/\/cybershield-waf.com\/fr\/wp-json\/wp\/v2\/pages\/614","targetHints":{"allow":["GET"]}}],"collection":[{"href":"https:\/\/cybershield-waf.com\/fr\/wp-json\/wp\/v2\/pages"}],"about":[{"href":"https:\/\/cybershield-waf.com\/fr\/wp-json\/wp\/v2\/types\/page"}],"author":[{"embeddable":true,"href":"https:\/\/cybershield-waf.com\/fr\/wp-json\/wp\/v2\/users\/1"}],"replies":[{"embeddable":true,"href":"https:\/\/cybershield-waf.com\/fr\/wp-json\/wp\/v2\/comments?post=614"}],"version-history":[{"count":364,"href":"https:\/\/cybershield-waf.com\/fr\/wp-json\/wp\/v2\/pages\/614\/revisions"}],"predecessor-version":[{"id":5202,"href":"https:\/\/cybershield-waf.com\/fr\/wp-json\/wp\/v2\/pages\/614\/revisions\/5202"}],"wp:attachment":[{"href":"https:\/\/cybershield-waf.com\/fr\/wp-json\/wp\/v2\/media?parent=614"}],"curies":[{"name":"wp","href":"https:\/\/api.w.org\/{rel}","templated":true}]}}